{"id":139,"date":"2021-01-19T14:51:34","date_gmt":"2021-01-19T13:51:34","guid":{"rendered":"http:\/\/szkolaharmonia.pl\/?page_id=139"},"modified":"2026-02-05T12:43:51","modified_gmt":"2026-02-05T11:43:51","slug":"rekrutacja","status":"publish","type":"page","link":"https:\/\/szkolaharmonia.pl\/?page_id=139","title":{"rendered":"Rekrutacja"},"content":{"rendered":"<p>[et_pb_section fb_built=&#8221;1&#8243; fullwidth=&#8221;on&#8221; admin_label=&#8221;Hero&#8221; _builder_version=&#8221;4.8.2&#8243; background_image=&#8221;http:\/\/szkolaharmonia.pl\/wp-content\/uploads\/2021\/02\/gggggggggg.jpg&#8221; top_divider_style=&#8221;clouds2&#8243; top_divider_color=&#8221;rgba(255,255,255,0.3)&#8221; top_divider_height=&#8221;100%&#8221; bottom_divider_height=&#8221;30px&#8221;][et_pb_fullwidth_header title=&#8221;Rekrutacja&#8221; text_orientation=&#8221;center&#8221; button_one_text=&#8221;Skontaktuj si\u0119 z nami&#8221; button_one_url=&#8221;@ET-DC@eyJkeW5hbWljIjp0cnVlLCJjb250ZW50IjoicG9zdF9saW5rX3VybF9wYWdlIiwic2V0dGluZ3MiOnsicG9zdF9pZCI6IjIxMyJ9fQ==@&#8221; _builder_version=&#8221;4.9.0&#8243; _dynamic_attributes=&#8221;button_one_url&#8221; title_level=&#8221;h2&#8243; title_font=&#8221;Rubik|700||on|||||&#8221; title_text_color=&#8221;#ff7355&#8243; title_font_size=&#8221;16px&#8221; title_letter_spacing=&#8221;5px&#8221; title_line_height=&#8221;2em&#8221; content_font=&#8221;Rubik||||||||&#8221; content_font_size=&#8221;18px&#8221; content_line_height=&#8221;2em&#8221; subhead_font=&#8221;Rubik|700|||||||&#8221; subhead_text_color=&#8221;rgba(0,0,0,0.8)&#8221; subhead_font_size=&#8221;50px&#8221; subhead_line_height=&#8221;1.4em&#8221; background_color=&#8221;rgba(255,255,255,0)&#8221; use_background_color_gradient=&#8221;on&#8221; background_color_gradient_start=&#8221;rgba(255,255,255,0.7)&#8221; background_color_gradient_end=&#8221;#ffffff&#8221; background_size=&#8221;contain&#8221; background_position=&#8221;bottom_center&#8221; custom_button_one=&#8221;on&#8221; button_one_text_size=&#8221;16px&#8221; button_one_text_color=&#8221;#ffffff&#8221; button_one_bg_color=&#8221;#ff7355&#8243; button_one_border_width=&#8221;15px&#8221; button_one_border_color=&#8221;rgba(210,159,104,0)&#8221; button_one_border_radius=&#8221;100px&#8221; button_one_letter_spacing=&#8221;0px&#8221; button_one_font=&#8221;Rubik|700|||||||&#8221; button_one_use_icon=&#8221;off&#8221; custom_button_two=&#8221;on&#8221; button_two_text_size=&#8221;16px&#8221; button_two_text_color=&#8221;#ffffff&#8221; button_two_bg_color=&#8221;rgba(0,0,0,0.6)&#8221; button_two_border_width=&#8221;15px&#8221; button_two_border_color=&#8221;rgba(210,159,104,0)&#8221; button_two_border_radius=&#8221;100px&#8221; button_two_letter_spacing=&#8221;0px&#8221; button_two_font=&#8221;Rubik|700|||||||&#8221; background_layout=&#8221;light&#8221; custom_margin=&#8221;|||&#8221; custom_padding=&#8221;8vw||4vw|&#8221; animation_style=&#8221;slide&#8221; animation_direction=&#8221;bottom&#8221; animation_intensity_slide=&#8221;1%&#8221; subhead_font_size_tablet=&#8221;&#8221; subhead_font_size_phone=&#8221;30px&#8221; subhead_font_size_last_edited=&#8221;on|phone&#8221; box_shadow_style_image=&#8221;preset4&#8243; button_one_border_radius_hover=&#8221;100px&#8221; button_two_border_radius_hover=&#8221;100px&#8221; button_one_bg_color_hover=&#8221;#ff8a70&#8243; button_two_bg_color_hover=&#8221;#ff8a70&#8243; button_one_text_size__hover_enabled=&#8221;off&#8221; button_two_text_size__hover_enabled=&#8221;off&#8221; button_one_text_color__hover_enabled=&#8221;off&#8221; button_two_text_color__hover_enabled=&#8221;off&#8221; button_one_border_width__hover_enabled=&#8221;off&#8221; button_two_border_width__hover_enabled=&#8221;off&#8221; button_one_border_color__hover_enabled=&#8221;off&#8221; button_two_border_color__hover_enabled=&#8221;off&#8221; button_one_border_radius__hover_enabled=&#8221;on&#8221; button_one_border_radius__hover=&#8221;100px&#8221; button_two_border_radius__hover_enabled=&#8221;on&#8221; button_two_border_radius__hover=&#8221;100px&#8221; button_one_letter_spacing__hover_enabled=&#8221;off&#8221; button_two_letter_spacing__hover_enabled=&#8221;off&#8221; button_one_bg_color__hover_enabled=&#8221;on&#8221; button_one_bg_color__hover=&#8221;#ff8a70&#8243; button_two_bg_color__hover_enabled=&#8221;on&#8221; button_two_bg_color__hover=&#8221;#ff8a70&#8243;][\/et_pb_fullwidth_header][\/et_pb_section][et_pb_section fb_built=&#8221;1&#8243; admin_label=&#8221;Admissions&#8221; _builder_version=&#8221;4.9.0&#8243; background_enable_color=&#8221;off&#8221; background_color_gradient_end=&#8221;#d1d1d6&#8243; background_enable_image=&#8221;off&#8221;][et_pb_row column_structure=&#8221;1_2,1_2&#8243; _builder_version=&#8221;4.9.0&#8243; module_alignment=&#8221;center&#8221; custom_margin=&#8221;|auto||23px||&#8221; custom_padding=&#8221;25px|||||&#8221;][et_pb_column type=&#8221;1_2&#8243; _builder_version=&#8221;3.25&#8243; custom_padding=&#8221;|||&#8221; custom_padding__hover=&#8221;|||&#8221;][et_pb_text _builder_version=&#8221;4.9.0&#8243; text_font=&#8221;Rubik|500|||||||&#8221; text_font_size=&#8221;16px&#8221; text_line_height=&#8221;2em&#8221; header_font=&#8221;||||||||&#8221; header_2_font=&#8221;Rubik|700|||||||&#8221; header_2_font_size=&#8221;40px&#8221; header_2_line_height=&#8221;1.4em&#8221; header_5_font=&#8221;Rubik|700||on|||||&#8221; header_5_text_color=&#8221;#2b76df&#8221; header_5_letter_spacing=&#8221;5px&#8221; header_5_line_height=&#8221;1.5em&#8221; max_width=&#8221;700px&#8221; module_alignment=&#8221;center&#8221; min_height=&#8221;668px&#8221; custom_margin=&#8221;|||&#8221; custom_margin_tablet=&#8221;0px|||&#8221; custom_margin_last_edited=&#8221;off|desktop&#8221; custom_padding=&#8221;||0px|||&#8221; text_line_height_last_edited=&#8221;off|desktop&#8221; header_2_font_size_tablet=&#8221;&#8221; header_2_font_size_phone=&#8221;30px&#8221; header_2_font_size_last_edited=&#8221;on|phone&#8221; locked=&#8221;off&#8221;]<\/p>\n<h5><span style=\"font-size: 16px;\">\u00a0ZAPISY<\/span><\/h5>\n<h5><span style=\"color: #333333; font-size: 40px; font-weight: bold;\">Sz<\/span><span style=\"color: #333333; font-size: 40px; font-weight: bold;\">ko\u0142a podstawowa<\/span><\/h5>\n<p><strong style=\"font-size: 16px;\">Obecnie prowadzimy rekrutacj\u0119 na rok szkolny 2026\/27.<\/strong><strong style=\"font-size: 16px;\"><br \/><\/strong><\/p>\n<p>Zapraszamy do udzia\u0142u w spotkaniach informacyjno-rekrutacyjnych. Najbli\u017csze spotkania odb\u0119d\u0105 si\u0119:\u00a0<\/p>\n<ul>\n<li><strong style=\"font-size: 16px;\">14.02.26 w godz. 13:00 &#8211; 15:00<\/strong><\/li>\n<li><strong style=\"font-size: 16px;\">28.02.26 w godz. 11:00 &#8211; 13:00<\/strong><\/li>\n<li><strong style=\"font-size: 16px;\">14.03.26 w godz. 11:00 &#8211; 13:00 <\/strong>\n<p><span style=\"font-size: 16px;\"><\/span><\/p>\n<\/li>\n<\/ul>\n<p><span style=\"font-size: 16px;\">Podczas spotka\u0144 b\u0119dziecie mogli pozna\u0107 nasz\u0105 szko\u0142\u0119, dowiedzie\u0107 si\u0119 jak budujemy spo\u0142eczno\u015b\u0107, jak wygl\u0105da dzie\u0144 w Harmonii, jakie panuj\u0105 u nas zasady. B\u0119dzie to r\u00f3wnie\u017c okazja do zadania\u00a0 pyta\u0144.\u00a0<\/span><\/p>\n<p>Zapraszamy do zg\u0142oszenia ch\u0119ci udzia\u0142u w spotkaniu na adres mailowy\u00a0<a href=\"mailto:szkola@szkolaharmonia.pl\">szkola@szkolaharmonia.pl<\/a>\u00a0lub telefonicznie:\u00a0<span>502 540 617.<br \/>W odpowiedzi na zg\u0142oszenie prze\u015blemy materia\u0142y informacyjne.<\/span><span style=\"font-size: 16px;\"><\/span><\/p>\n<p><span style=\"font-size: 16px;\">Mamy r\u00f3wnie\u017c pojedyncze miejsca w r\u00f3\u017cnych klasach (0-8)<\/span><span style=\"font-size: 16px;\">\u00a0&#8211; o ich dost\u0119pno\u015b\u0107 prosimy r\u00f3wnie\u017c pyta\u0107 mailowo lub telefonicznie.\u00a0<\/span><\/p>\n<p>Etapy procesu rekrutacyjnego:<\/p>\n<ul>\n<li>Napisz do nas na adres\u00a0<a href=\"mailto:szkola@szkolaharmonia.pl\">szkola@szkolaharmonia.pl<\/a>. W odpowiedzi prze\u015blemy materia\u0142y informacyjne<\/li>\n<li>Udzia\u0142 w spotkaniu informacyjnym<\/li>\n<li>spotkanie kadra-rodzice<\/li>\n<li>tydzie\u0144 pr\u00f3bny \u2013 p\u0142atny 600z\u0142<\/li>\n<li>warsztat dla rodzic\u00f3w<\/li>\n<li>tr\u00f3jstronna decyzja (dziecko, rodzice, kadra) o zapisie do szko\u0142y i dope\u0142nienie formalno\u015bci<\/li>\n<\/ul>\n<div aria-setsize=\"-1\" class=\"c-virtual_list__item\" role=\"listitem\" id=\"1738763111.027859\" data-qa=\"virtual-list-item\" data-item-key=\"1738763111.027859\" tabindex=\"0\">\n<div role=\"presentation\" class=\"c-message_kit__background p-message_pane_message__message c-message_kit__message\" data-qa=\"message_container\" data-qa-unprocessed=\"false\" data-qa-placeholder=\"false\">\n<div role=\"document\" aria-roledescription=\"message\" class=\"c-message_kit__hover\" data-qa-hover=\"true\">\n<div class=\"c-message_kit__actions c-message_kit__actions--default\">\n<div class=\"c-message_kit__gutter\">\n<div role=\"presentation\" class=\"c-message_kit__gutter__right\" data-qa=\"message_content\">\n<div class=\"c-message_kit__blocks c-message_kit__blocks--rich_text\">\n<div class=\"c-message__message_blocks c-message__message_blocks--rich_text\" data-qa=\"message-text\">\n<div class=\"p-block_kit_renderer\" data-qa=\"block-kit-renderer\">\n<div class=\"p-block_kit_renderer__block_wrapper p-block_kit_renderer__block_wrapper--first\">\n<div class=\"p-rich_text_block\" dir=\"auto\">\n<div class=\"p-rich_text_section\">\n<p><span style=\"font-size: 16px;\">O przyj\u0119ciu do spo\u0142eczno\u015bci szkolnej dziecka z diagnoz\u0105 zaburze\u0144 ze spektrum autyzmu, ADHD, ze wskazaniami do treningu umiej\u0119tno\u015bci spo\u0142ecznych lub innych specjalnych potrzeb wychowawczych czy edukacyjnych decydujemy bior\u0105c pod uwag\u0119 funkcjonowanie dziecka, nasze mo\u017cliwo\u015bci wspierania go oraz potrzeby ca\u0142ej szko\u0142y.\u00a0<\/span><\/p>\n<\/div>\n<\/div>\n<\/div>\n<\/div>\n<\/div>\n<\/div>\n<\/div>\n<\/div>\n<\/div>\n<\/div>\n<\/div>\n<\/div>\n<p><span style=\"font-size: 16px;\">\u00a0<\/span><\/p>\n<p><span><\/span><\/p>\n<p>[\/et_pb_text][et_pb_text _builder_version=&#8221;4.9.0&#8243; text_font=&#8221;Rubik|500|||||||&#8221; text_font_size=&#8221;16px&#8221; text_line_height=&#8221;2em&#8221; header_font=&#8221;||||||||&#8221; header_2_font=&#8221;Rubik|700|||||||&#8221; header_2_font_size=&#8221;40px&#8221; header_2_line_height=&#8221;1.4em&#8221; header_5_font=&#8221;Rubik|700||on|||||&#8221; header_5_text_color=&#8221;#2b76df&#8221; header_5_letter_spacing=&#8221;5px&#8221; header_5_line_height=&#8221;1.5em&#8221; max_width=&#8221;700px&#8221; module_alignment=&#8221;center&#8221; custom_margin=&#8221;|||&#8221; custom_margin_tablet=&#8221;0px|||&#8221; custom_margin_last_edited=&#8221;off|desktop&#8221; text_line_height_last_edited=&#8221;off|desktop&#8221; header_2_font_size_tablet=&#8221;&#8221; header_2_font_size_phone=&#8221;30px&#8221; header_2_font_size_last_edited=&#8221;on|phone&#8221; locked=&#8221;off&#8221;]<\/p>\n<h5>Formalno\u015bci<\/h5>\n<ol>\n<li><span style=\"font-weight: 400;\">Przej\u015bcie dziecka na edukacj\u0119 domow\u0105 \u2013 wyja\u015bnimy Ci krok po kroku, jak to zrobi\u0107<\/span><\/li>\n<li><span style=\"font-weight: 400;\">Zapisanie dziecka do wskazanej przez nas szko\u0142y<\/span><\/li>\n<li><span style=\"font-weight: 400;\">Wp\u0142ata wpisowego w wysoko\u015bci 1500z\u0142<\/span><span style=\"font-weight: 400;\"><br \/> <\/span><\/li>\n<\/ol>\n<p>[\/et_pb_text][\/et_pb_column][et_pb_column type=&#8221;1_2&#8243; _builder_version=&#8221;3.25&#8243; custom_padding=&#8221;|||&#8221; custom_padding__hover=&#8221;|||&#8221;][et_pb_text _builder_version=&#8221;4.9.0&#8243; text_font=&#8221;Rubik||||||||&#8221; text_font_size=&#8221;16px&#8221; text_line_height=&#8221;2em&#8221; header_font=&#8221;||||||||&#8221; header_2_font=&#8221;Rubik|700|||||||&#8221; header_2_font_size=&#8221;40px&#8221; header_2_line_height=&#8221;1.4em&#8221; header_5_font=&#8221;Rubik|700||on|||||&#8221; header_5_text_color=&#8221;#2b76df&#8221; header_5_letter_spacing=&#8221;5px&#8221; header_5_line_height=&#8221;1.5em&#8221; max_width=&#8221;700px&#8221; module_alignment=&#8221;center&#8221; custom_margin=&#8221;|||&#8221; custom_margin_tablet=&#8221;0px|||&#8221; custom_margin_last_edited=&#8221;off|desktop&#8221; text_line_height_last_edited=&#8221;off|desktop&#8221; header_2_font_size_tablet=&#8221;&#8221; header_2_font_size_phone=&#8221;30px&#8221; header_2_font_size_last_edited=&#8221;on|phone&#8221; locked=&#8221;off&#8221; inline_fonts=&#8221;Rubik&#8221;]<\/p>\n<h5>Zapisy<\/h5>\n<h5><strong style=\"color: #333333; font-size: 40px;\">Liceum<\/strong><\/h5>\n<p><span style=\"font-size: 16px;\"><strong>Obecnie prowadzimy rekrutacj\u0119 na rok szkolny 2026\/27 oraz rekrutacj\u0119 uzupe\u0142niaj\u0105c\u0105.<\/strong><br \/> <span>W sprawie rekrutacji prosimy o kontakt mailowy (<a href=\"mailto:kontakt@wldoba.edu.pl\">kontakt@wldoba.edu.pl<\/a>)\u00a0lub telefoniczny (+48 691 953 125).\u00a0<\/span><br \/> <\/span><\/p>\n<div class=\"cxmmr5t8 oygrvhab hcukyx3x c1et5uql o9v6fnle\">\n<div class=\"cxmmr5t8 oygrvhab hcukyx3x c1et5uql o9v6fnle\"><\/div>\n<\/div>\n<div class=\"cxmmr5t8 oygrvhab hcukyx3x c1et5uql o9v6fnle\"><\/div>\n<p>[\/et_pb_text][\/et_pb_column][\/et_pb_row][\/et_pb_section]<\/p>\n","protected":false},"excerpt":{"rendered":"<p>[et_pb_section fb_built=&#8221;1&#8243; fullwidth=&#8221;on&#8221; admin_label=&#8221;Hero&#8221; _builder_version=&#8221;4.8.2&#8243; background_image=&#8221;http:\/\/szkolaharmonia.pl\/wp-content\/uploads\/2021\/02\/gggggggggg.jpg&#8221; top_divider_style=&#8221;clouds2&#8243; top_divider_color=&#8221;rgba(255,255,255,0.3)&#8221; top_divider_height=&#8221;100%&#8221; bottom_divider_height=&#8221;30px&#8221;][et_pb_fullwidth_header title=&#8221;Rekrutacja&#8221; text_orientation=&#8221;center&#8221; button_one_text=&#8221;Skontaktuj si\u0119 z nami&#8221; button_one_url=&#8221;@ET-DC@eyJkeW5hbWljIjp0cnVlLCJjb250ZW50IjoicG9zdF9saW5rX3VybF9wYWdlIiwic2V0dGluZ3MiOnsicG9zdF9pZCI6IjIxMyJ9fQ==@&#8221; _builder_version=&#8221;4.9.0&#8243; _dynamic_attributes=&#8221;button_one_url&#8221; title_level=&#8221;h2&#8243; title_font=&#8221;Rubik|700||on|||||&#8221; title_text_color=&#8221;#ff7355&#8243; title_font_size=&#8221;16px&#8221; title_letter_spacing=&#8221;5px&#8221; title_line_height=&#8221;2em&#8221; content_font=&#8221;Rubik||||||||&#8221; content_font_size=&#8221;18px&#8221; content_line_height=&#8221;2em&#8221; subhead_font=&#8221;Rubik|700|||||||&#8221; subhead_text_color=&#8221;rgba(0,0,0,0.8)&#8221; subhead_font_size=&#8221;50px&#8221; subhead_line_height=&#8221;1.4em&#8221; background_color=&#8221;rgba(255,255,255,0)&#8221; use_background_color_gradient=&#8221;on&#8221; background_color_gradient_start=&#8221;rgba(255,255,255,0.7)&#8221; background_color_gradient_end=&#8221;#ffffff&#8221; background_size=&#8221;contain&#8221; background_position=&#8221;bottom_center&#8221; custom_button_one=&#8221;on&#8221; button_one_text_size=&#8221;16px&#8221; button_one_text_color=&#8221;#ffffff&#8221; button_one_bg_color=&#8221;#ff7355&#8243; button_one_border_width=&#8221;15px&#8221; button_one_border_color=&#8221;rgba(210,159,104,0)&#8221; button_one_border_radius=&#8221;100px&#8221; button_one_letter_spacing=&#8221;0px&#8221; button_one_font=&#8221;Rubik|700|||||||&#8221; button_one_use_icon=&#8221;off&#8221; custom_button_two=&#8221;on&#8221; button_two_text_size=&#8221;16px&#8221; button_two_text_color=&#8221;#ffffff&#8221; button_two_bg_color=&#8221;rgba(0,0,0,0.6)&#8221; button_two_border_width=&#8221;15px&#8221; button_two_border_color=&#8221;rgba(210,159,104,0)&#8221; button_two_border_radius=&#8221;100px&#8221; [&hellip;]<\/p>\n","protected":false},"author":1,"featured_media":0,"parent":0,"menu_order":0,"comment_status":"closed","ping_status":"closed","template":"","meta":{"_et_pb_use_builder":"on","_et_pb_old_content":"","_et_gb_content_width":""},"_links":{"self":[{"href":"https:\/\/szkolaharmonia.pl\/index.php?rest_route=\/wp\/v2\/pages\/139"}],"collection":[{"href":"https:\/\/szkolaharmonia.pl\/index.php?rest_route=\/wp\/v2\/pages"}],"about":[{"href":"https:\/\/szkolaharmonia.pl\/index.php?rest_route=\/wp\/v2\/types\/page"}],"author":[{"embeddable":true,"href":"https:\/\/szkolaharmonia.pl\/index.php?rest_route=\/wp\/v2\/users\/1"}],"replies":[{"embeddable":true,"href":"https:\/\/szkolaharmonia.pl\/index.php?rest_route=%2Fwp%2Fv2%2Fcomments&post=139"}],"version-history":[{"count":110,"href":"https:\/\/szkolaharmonia.pl\/index.php?rest_route=\/wp\/v2\/pages\/139\/revisions"}],"predecessor-version":[{"id":907,"href":"https:\/\/szkolaharmonia.pl\/index.php?rest_route=\/wp\/v2\/pages\/139\/revisions\/907"}],"wp:attachment":[{"href":"https:\/\/szkolaharmonia.pl\/index.php?rest_route=%2Fwp%2Fv2%2Fmedia&parent=139"}],"curies":[{"name":"wp","href":"https:\/\/api.w.org\/{rel}","templated":true}]}}