{"id":174,"date":"2021-01-19T14:52:07","date_gmt":"2021-01-19T13:52:07","guid":{"rendered":"http:\/\/szkolaharmonia.pl\/?page_id=174"},"modified":"2026-02-05T12:03:08","modified_gmt":"2026-02-05T11:03:08","slug":"strona-glowna","status":"publish","type":"page","link":"https:\/\/szkolaharmonia.pl\/","title":{"rendered":"Strona G\u0142\u00f3wna"},"content":{"rendered":"<p>[et_pb_section fb_built=&#8221;1&#8243; fullwidth=&#8221;on&#8221; admin_label=&#8221;Header Section&#8221; _builder_version=&#8221;4.8.1&#8243; background_image=&#8221;http:\/\/szkolaharmonia.pl\/wp-content\/uploads\/2021\/01\/20201105_122027-1-scaled.jpg&#8221; parallax=&#8221;on&#8221; top_divider_style=&#8221;clouds2&#8243; top_divider_color=&#8221;rgba(255,255,255,0.6)&#8221; top_divider_height=&#8221;30%&#8221;][et_pb_fullwidth_header subhead=&#8221;Szko\u0142a Podstawowa Harmonia&#8221; text_orientation=&#8221;center&#8221; button_one_text=&#8221;Rekrutacja&#8221; button_one_url=&#8221;@ET-DC@eyJkeW5hbWljIjp0cnVlLCJjb250ZW50IjoicG9zdF9saW5rX3VybF9wYWdlIiwic2V0dGluZ3MiOnsicG9zdF9pZCI6IjEzOSJ9fQ==@&#8221; logo_image_url=&#8221;http:\/\/szkolaharmonia.pl\/wp-content\/uploads\/2025\/02\/harmonia-logo-bez-tla-kwadrat-300&#215;300.png&#8221; _builder_version=&#8221;4.9.0&#8243; _dynamic_attributes=&#8221;button_one_url&#8221; title_level=&#8221;h2&#8243; title_font=&#8221;Rubik|700||on|||||&#8221; title_text_color=&#8221;#e87f07&#8243; title_font_size=&#8221;16px&#8221; title_letter_spacing=&#8221;5px&#8221; title_line_height=&#8221;2em&#8221; content_font=&#8221;Rubik||||||||&#8221; content_font_size=&#8221;18px&#8221; content_line_height=&#8221;2em&#8221; subhead_font=&#8221;Rubik|700|||||||&#8221; subhead_text_color=&#8221;rgba(0,0,0,0.8)&#8221; subhead_font_size=&#8221;50px&#8221; subhead_line_height=&#8221;1.4em&#8221; background_color=&#8221;rgba(255,250,242,0.9)&#8221; background_image=&#8221;http:\/\/szkolaharmonia.pl\/wp-content\/uploads\/2021\/01\/pencils-1.png&#8221; background_size=&#8221;contain&#8221; background_position=&#8221;bottom_center&#8221; custom_button_one=&#8221;on&#8221; button_one_text_size=&#8221;16px&#8221; button_one_text_color=&#8221;#ffffff&#8221; button_one_bg_color=&#8221;#e87f07&#8243; button_one_border_width=&#8221;15px&#8221; button_one_border_color=&#8221;rgba(210,159,104,0)&#8221; button_one_border_radius=&#8221;100px&#8221; button_one_letter_spacing=&#8221;0px&#8221; button_one_font=&#8221;Rubik|700|||||||&#8221; button_one_use_icon=&#8221;off&#8221; custom_button_two=&#8221;on&#8221; button_two_text_size=&#8221;16px&#8221; button_two_text_color=&#8221;#000000&#8243; button_two_bg_color=&#8221;#7CDA24&#8243; button_two_border_width=&#8221;15px&#8221; button_two_border_color=&#8221;rgba(210,159,104,0)&#8221; button_two_border_radius=&#8221;100px&#8221; button_two_letter_spacing=&#8221;0px&#8221; button_two_font=&#8221;Rubik|700||on|||||&#8221; background_layout=&#8221;light&#8221; custom_margin=&#8221;|||&#8221; custom_padding=&#8221;0vw||0vw|||&#8221; animation_style=&#8221;slide&#8221; animation_direction=&#8221;bottom&#8221; animation_duration=&#8221;2500ms&#8221; animation_intensity_slide=&#8221;1%&#8221; content_font_size_tablet=&#8221;&#8221; content_font_size_phone=&#8221;16px&#8221; content_font_size_last_edited=&#8221;on|phone&#8221; subhead_font_size_tablet=&#8221;&#8221; subhead_font_size_phone=&#8221;30px&#8221; subhead_font_size_last_edited=&#8221;on|phone&#8221; box_shadow_style=&#8221;preset6&#8243; box_shadow_vertical=&#8221;-10px&#8221; box_shadow_color=&#8221;rgba(0,0,0,0.2)&#8221; button_one_border_radius_hover=&#8221;100px&#8221; button_two_border_radius_hover=&#8221;100px&#8221; button_one_bg_color_hover=&#8221;#ff8a70&#8243; button_two_bg_color_hover=&#8221;#ff8a70&#8243; button_one_text_size__hover_enabled=&#8221;off&#8221; button_two_text_size__hover_enabled=&#8221;off&#8221; button_one_text_color__hover_enabled=&#8221;off&#8221; button_two_text_color__hover_enabled=&#8221;off&#8221; button_one_border_width__hover_enabled=&#8221;off&#8221; button_two_border_width__hover_enabled=&#8221;off&#8221; button_one_border_color__hover_enabled=&#8221;off&#8221; button_two_border_color__hover_enabled=&#8221;off&#8221; button_one_border_radius__hover_enabled=&#8221;on&#8221; button_one_border_radius__hover=&#8221;100px&#8221; button_two_border_radius__hover_enabled=&#8221;on&#8221; button_two_border_radius__hover=&#8221;100px&#8221; button_one_letter_spacing__hover_enabled=&#8221;off&#8221; button_two_letter_spacing__hover_enabled=&#8221;off&#8221; button_one_bg_color__hover_enabled=&#8221;on&#8221; button_one_bg_color__hover=&#8221;#ff8a70&#8243; button_two_bg_color__hover_enabled=&#8221;on&#8221; button_two_bg_color__hover=&#8221;#ff8a70&#8243;][\/et_pb_fullwidth_header][\/et_pb_section][et_pb_section fb_built=&#8221;1&#8243; custom_padding_last_edited=&#8221;off|desktop&#8221; background_color_gradient_end_1=&#8221;#c7cbd4&#8243; admin_label=&#8221;Two CTA Section&#8221; _builder_version=&#8221;3.22&#8243; custom_padding=&#8221;0px||0px||true&#8221; custom_padding_tablet=&#8221;20px||10px|&#8221;][et_pb_row column_structure=&#8221;1_2,1_2&#8243; use_custom_gutter=&#8221;on&#8221; gutter_width=&#8221;1&#8243; make_equal=&#8221;on&#8221; padding_top_bottom_link_1=&#8221;true&#8221; padding_top_bottom_link_2=&#8221;true&#8221; admin_label=&#8221;Two CTA Row&#8221; module_class=&#8221; et_pb_row_fullwidth&#8221; _builder_version=&#8221;4.9.0&#8243; background_color=&#8221;#52b21e&#8221; width=&#8221;100%&#8221; width_tablet=&#8221;100%&#8221; width_phone=&#8221;&#8221; width_last_edited=&#8221;on|desktop&#8221; max_width=&#8221;100%&#8221; max_width_tablet=&#8221;100%&#8221; max_width_phone=&#8221;&#8221; max_width_last_edited=&#8221;on|desktop&#8221; custom_padding=&#8221;0px|0px|0px|0px||&#8221; make_fullwidth=&#8221;on&#8221;][et_pb_column type=&#8221;1_2&#8243; _builder_version=&#8221;4.9.0&#8243; use_background_color_gradient=&#8221;on&#8221; background_color_gradient_start=&#8221;rgba(123,158,5,0.58)&#8221; background_color_gradient_end=&#8221;#7b9e05&#8243; background_color_gradient_direction=&#8221;90deg&#8221; background_color_gradient_end_position=&#8221;60%&#8221; background_color_gradient_overlays_image=&#8221;on&#8221; background_image=&#8221;http:\/\/szkolaharmonia.pl\/wp-content\/uploads\/2021\/01\/IMG_20200925_114728-scaled.jpg&#8221; custom_padding=&#8221;120px|80px|120px|10%&#8221; custom_padding_tablet=&#8221;|10%||10%||true&#8221; custom_padding_phone=&#8221;&#8221; custom_padding_last_edited=&#8221;on|tablet&#8221; padding_tablet=&#8221;|10%||10%||true&#8221; padding_last_edited=&#8221;on|tablet&#8221; custom_padding__hover=&#8221;|||&#8221;][et_pb_cta title=&#8221;Szko\u0142a Podstawowa Harmonia&#8221; button_url=&#8221;@ET-DC@eyJkeW5hbWljIjp0cnVlLCJjb250ZW50IjoicG9zdF9saW5rX3VybF9wYWdlIiwic2V0dGluZ3MiOnsicG9zdF9pZCI6IjE0MCJ9fQ==@&#8221; button_text=&#8221;Wi\u0119cej informacji&#8221; admin_label=&#8221;School CTA&#8221; _builder_version=&#8221;4.9.0&#8243; _dynamic_attributes=&#8221;button_url&#8221; header_font=&#8221;Rubik|700||on|||||&#8221; header_text_color=&#8221;#000000&#8243; header_font_size=&#8221;25px&#8221; header_letter_spacing=&#8221;6px&#8221; header_line_height=&#8221;1.5em&#8221; body_font=&#8221;Rubik|500|||||||&#8221; body_text_color=&#8221;#000000&#8243; body_line_height=&#8221;2em&#8221; use_background_color=&#8221;off&#8221; custom_button=&#8221;on&#8221; button_text_size=&#8221;16px&#8221; button_text_color=&#8221;#000000&#8243; button_bg_color=&#8221;rgba(0,0,0,0.6)&#8221; button_border_width=&#8221;10px&#8221; button_border_color=&#8221;rgba(65,65,144,0)&#8221; button_border_radius=&#8221;70px&#8221; button_font=&#8221;Rubik|700|||||||&#8221; button_use_icon=&#8221;off&#8221; text_orientation=&#8221;left&#8221; background_layout=&#8221;light&#8221; max_width=&#8221;600px&#8221; max_width_last_edited=&#8221;off|desktop&#8221; min_height=&#8221;301.8px&#8221; custom_margin=&#8221;|||&#8221; custom_padding=&#8221;|||&#8221; header_font_size_tablet=&#8221;&#8221; header_font_size_phone=&#8221;30px&#8221; header_font_size_last_edited=&#8221;on|phone&#8221; button_text_color_hover=&#8221;#c7ccd4&#8243; button_border_radius_hover=&#8221;70px&#8221; button_bg_color_hover=&#8221;#ffffff&#8221; button_text_size__hover_enabled=&#8221;off&#8221; button_one_text_size__hover_enabled=&#8221;off&#8221; button_two_text_size__hover_enabled=&#8221;off&#8221; button_text_color__hover_enabled=&#8221;on&#8221; button_text_color__hover=&#8221;#c7ccd4&#8243; button_one_text_color__hover_enabled=&#8221;off&#8221; button_two_text_color__hover_enabled=&#8221;off&#8221; button_border_width__hover_enabled=&#8221;off&#8221; button_one_border_width__hover_enabled=&#8221;off&#8221; button_two_border_width__hover_enabled=&#8221;off&#8221; button_border_color__hover_enabled=&#8221;off&#8221; button_one_border_color__hover_enabled=&#8221;off&#8221; button_two_border_color__hover_enabled=&#8221;off&#8221; button_border_radius__hover_enabled=&#8221;on&#8221; button_border_radius__hover=&#8221;70px&#8221; button_one_border_radius__hover_enabled=&#8221;off&#8221; button_two_border_radius__hover_enabled=&#8221;off&#8221; button_letter_spacing__hover_enabled=&#8221;off&#8221; button_one_letter_spacing__hover_enabled=&#8221;off&#8221; button_two_letter_spacing__hover_enabled=&#8221;off&#8221; button_bg_color__hover_enabled=&#8221;on&#8221; button_bg_color__hover=&#8221;#ffffff&#8221; button_one_bg_color__hover_enabled=&#8221;off&#8221; button_two_bg_color__hover_enabled=&#8221;off&#8221;]<\/p>\n<p>Harmonia<span class=\"Apple-converted-space\">\u00a0<\/span>to miejsce, gdzie dzieci mog\u0105 rozwija\u0107 i bawi\u0107 si\u0119\u00a0w atmosferze szacunku i poczuciu bezpiecze\u0144stwa, uczy\u0107 si\u0119 kierowane w\u0142asn\u0105 ciekawo\u015bci\u0105, bez presji, bez ocen,\u00a0bez przymusu, nagr\u00f3d i kar,\u00a0w harmonii ze sob\u0105 i otoczeniem.<\/p>\n<p>[\/et_pb_cta][\/et_pb_column][et_pb_column type=&#8221;1_2&#8243; _builder_version=&#8221;4.9.0&#8243; use_background_color_gradient=&#8221;on&#8221; background_color_gradient_start=&#8221;#e87f07&#8243; background_color_gradient_end=&#8221;rgba(232,127,7,0.5)&#8221; background_color_gradient_direction=&#8221;90deg&#8221; background_color_gradient_start_position=&#8221;40%&#8221; background_color_gradient_overlays_image=&#8221;on&#8221; background_image=&#8221;http:\/\/szkolaharmonia.pl\/wp-content\/uploads\/2021\/01\/img_20200923_124119-2-scaled.jpg&#8221; custom_padding=&#8221;120px|10%|120px|80px&#8221; custom_padding_tablet=&#8221;|10%||10%||true&#8221; custom_padding_phone=&#8221;&#8221; custom_padding_last_edited=&#8221;on|tablet&#8221; padding_tablet=&#8221;|10%||10%||true&#8221; padding_last_edited=&#8221;on|tablet&#8221; custom_padding__hover=&#8221;|||&#8221;][et_pb_cta title=&#8221;Wolne liceum im. olka doby w warszawie&#8221; button_url=&#8221;http:\/\/wldoba.edu.pl&#8221; url_new_window=&#8221;on&#8221; button_text=&#8221;Wi\u0119cej informacji&#8221; admin_label=&#8221;School CTA&#8221; _builder_version=&#8221;4.9.0&#8243; header_font=&#8221;Rubik|700||on|||||&#8221; header_text_color=&#8221;#000000&#8243; header_font_size=&#8221;25px&#8221; header_letter_spacing=&#8221;6px&#8221; header_line_height=&#8221;1.5em&#8221; body_font=&#8221;Rubik|500|||||||&#8221; body_text_color=&#8221;#000000&#8243; body_line_height=&#8221;2em&#8221; use_background_color=&#8221;off&#8221; custom_button=&#8221;on&#8221; button_text_size=&#8221;16px&#8221; button_text_color=&#8221;#000000&#8243; button_bg_color=&#8221;rgba(255,255,255,0.1)&#8221; button_border_width=&#8221;10px&#8221; button_border_color=&#8221;rgba(65,65,144,0)&#8221; button_border_radius=&#8221;70px&#8221; button_font=&#8221;Rubik|700|||||||&#8221; button_use_icon=&#8221;off&#8221; text_orientation=&#8221;left&#8221; max_width=&#8221;600px&#8221; max_width_last_edited=&#8221;off|desktop&#8221; module_alignment=&#8221;left&#8221; custom_margin=&#8221;|-20px||||&#8221; custom_padding=&#8221;|0px||0px||&#8221; link_option_url=&#8221;wldoba.edu.pl&#8221; link_option_url_new_window=&#8221;on&#8221; header_font_size_tablet=&#8221;&#8221; header_font_size_phone=&#8221;30px&#8221; header_font_size_last_edited=&#8221;on|phone&#8221; button_text_color_hover=&#8221;#e00b00&#8243; button_border_radius_hover=&#8221;70px&#8221; button_bg_color_hover=&#8221;#ffffff&#8221; button_text_size__hover_enabled=&#8221;off&#8221; button_one_text_size__hover_enabled=&#8221;off&#8221; button_two_text_size__hover_enabled=&#8221;off&#8221; button_text_color__hover_enabled=&#8221;on&#8221; button_text_color__hover=&#8221;#e00b00&#8243; button_one_text_color__hover_enabled=&#8221;off&#8221; button_two_text_color__hover_enabled=&#8221;off&#8221; button_border_width__hover_enabled=&#8221;off&#8221; button_one_border_width__hover_enabled=&#8221;off&#8221; button_two_border_width__hover_enabled=&#8221;off&#8221; button_border_color__hover_enabled=&#8221;off&#8221; button_one_border_color__hover_enabled=&#8221;off&#8221; button_two_border_color__hover_enabled=&#8221;off&#8221; button_border_radius__hover_enabled=&#8221;on&#8221; button_border_radius__hover=&#8221;70px&#8221; button_one_border_radius__hover_enabled=&#8221;off&#8221; button_two_border_radius__hover_enabled=&#8221;off&#8221; button_letter_spacing__hover_enabled=&#8221;off&#8221; button_one_letter_spacing__hover_enabled=&#8221;off&#8221; button_two_letter_spacing__hover_enabled=&#8221;off&#8221; button_bg_color__hover_enabled=&#8221;on&#8221; button_bg_color__hover=&#8221;#ffffff&#8221; button_one_bg_color__hover_enabled=&#8221;off&#8221; button_two_bg_color__hover_enabled=&#8221;off&#8221;]<\/p>\n<p><span>Wsp\u00f3\u0142czesny \u015bwiat doros\u0142ych cz\u0119sto nie wydaje si\u0119 M\u0142odzie\u017cy poci\u0105gaj\u0105cy. Pe\u0142en zm\u0119czenia, stresu, gonitwy nie wiadomo dok\u0105d i wykonywania rzeczy, kt\u00f3rych robi\u0107 si\u0119 nie chce. Kojarzy si\u0119 z powag\u0105 i p\u0142aceniem podatk\u00f3w. Uczy dopasowania do schemat\u00f3w i porzucenia w\u0142asnego \u201echc\u0119\u201d, na rzecz \u201epowinno si\u0119\u201d. Kto chcia\u0142by dorasta\u0107 do takiego \u015bwiata? Olek Doba jest przypomnieniem, \u017ce istnieje alternatywa, \u017ce rado\u015b\u0107, pasja i przygody b\u0119d\u0105 w naszym \u017cyciu tak d\u0142ugo, jak tylko b\u0119dziemy gotowi si\u0119 o nie stara\u0107. Brodaty kajakarz z Polic to symbol doros\u0142o\u015bci, do kt\u00f3rej chce si\u0119 d\u0105\u017cy\u0107. To do niej chcemy zaprasza\u0107 w naszym Liceum.<\/span><\/p>\n<p>[\/et_pb_cta][\/et_pb_column][\/et_pb_row][\/et_pb_section][et_pb_section fb_built=&#8221;1&#8243; admin_label=&#8221;Our Mission&#8221; _builder_version=&#8221;4.9.0&#8243; background_color=&#8221;#FFFFFF&#8221; background_color_gradient_start=&#8221;rgba(233,239,243,0)&#8221; background_color_gradient_end=&#8221;#e9eff3&#8243; background_enable_image=&#8221;off&#8221; custom_padding=&#8221;54px|0px|80px|0px|false|false&#8221;][et_pb_row admin_label=&#8221;Mission Row&#8221; _builder_version=&#8221;3.25&#8243; locked=&#8221;off&#8221;][et_pb_column type=&#8221;4_4&#8243; _builder_version=&#8221;3.25&#8243; custom_padding=&#8221;|||&#8221; custom_padding__hover=&#8221;|||&#8221;][et_pb_blurb title=&#8221;PODSTAWOWE INFORMACJE&#8221; use_icon=&#8221;on&#8221; font_icon=&#8221;%%111%%&#8221; icon_color=&#8221;#2b76df&#8221; content_max_width=&#8221;549px&#8221; use_icon_font_size=&#8221;on&#8221; icon_font_size=&#8221;32px&#8221; _builder_version=&#8221;4.9.0&#8243; header_level=&#8221;h3&#8243; header_font=&#8221;Allerta Stencil|700||on|||||&#8221; header_text_align=&#8221;center&#8221; header_text_color=&#8221;#e87f07&#8243; header_font_size=&#8221;33px&#8221; header_letter_spacing=&#8221;5px&#8221; header_line_height=&#8221;1.4em&#8221; text_orientation=&#8221;center&#8221; module_alignment=&#8221;center&#8221; custom_margin=&#8221;||0px|&#8221; custom_padding=&#8221;|1px||||&#8221; locked=&#8221;off&#8221;][\/et_pb_blurb][et_pb_text _builder_version=&#8221;4.9.0&#8243; text_font=&#8221;Rubik|500|||||||&#8221; text_font_size=&#8221;16px&#8221; text_line_height=&#8221;2em&#8221; header_font=&#8221;||||||||&#8221; header_2_font=&#8221;Rubik|700|||||||&#8221; header_2_font_size=&#8221;40px&#8221; header_2_line_height=&#8221;1.4em&#8221; header_5_font=&#8221;Rubik|700||on|||||&#8221; header_5_text_color=&#8221;#2b76df&#8221; header_5_letter_spacing=&#8221;5px&#8221; header_5_line_height=&#8221;1.5em&#8221; text_orientation=&#8221;center&#8221; max_width=&#8221;700px&#8221; module_alignment=&#8221;center&#8221; custom_margin=&#8221;|||&#8221; custom_margin_tablet=&#8221;0px|||&#8221; custom_margin_last_edited=&#8221;off|desktop&#8221; text_line_height_last_edited=&#8221;off|desktop&#8221; header_2_font_size_tablet=&#8221;&#8221; header_2_font_size_phone=&#8221;30px&#8221; header_2_font_size_last_edited=&#8221;on|phone&#8221;]<\/p>\n<p style=\"text-align: center;\">Wiek dzieci: klasy 0-8\u00a0<br \/>Liczba dzieci w szkole: ok. 50<br \/>Liczba dzieci w klasie: do 10<\/p>\n<p>Adres: ul. Kolumbijska 26a, Warszawa<\/p>\n<p><span style=\"font-size: 16px;\">Udzia\u0142 dziecka w projekcie: 22800z\u0142 rocznie <br \/>(przekazywane w formie darowizny w wysoko\u015bci 1900z\u0142 przez\u00a0<\/span><span style=\"font-size: 16px;\">12 miesi\u0119cy; <br \/><\/span><span style=\"font-size: 16px;\">w wakacje: lipiec &#8211; dy\u017cur wakacyjny, sierpie\u0144 szko\u0142a zamkni\u0119ta)<\/span><\/p>\n<p>Obiady: 300z\u0142 miesi\u0119cznie<br \/>Jednorazowe wpisowe: 1500z\u0142<br \/>Tygodniowy okres pr\u00f3bny: 600z\u0142<br \/>Godziny otwarcia: 8:00 &#8211; 17:00<\/p>\n<p>[\/et_pb_text][\/et_pb_column][\/et_pb_row][\/et_pb_section]<\/p>\n","protected":false},"excerpt":{"rendered":"<p>[et_pb_section fb_built=&#8221;1&#8243; fullwidth=&#8221;on&#8221; admin_label=&#8221;Header Section&#8221; _builder_version=&#8221;4.8.1&#8243; background_image=&#8221;http:\/\/szkolaharmonia.pl\/wp-content\/uploads\/2021\/01\/20201105_122027-1-scaled.jpg&#8221; parallax=&#8221;on&#8221; top_divider_style=&#8221;clouds2&#8243; top_divider_color=&#8221;rgba(255,255,255,0.6)&#8221; top_divider_height=&#8221;30%&#8221;][et_pb_fullwidth_header subhead=&#8221;Szko\u0142a Podstawowa Harmonia&#8221; text_orientation=&#8221;center&#8221; button_one_text=&#8221;Rekrutacja&#8221; button_one_url=&#8221;@ET-DC@eyJkeW5hbWljIjp0cnVlLCJjb250ZW50IjoicG9zdF9saW5rX3VybF9wYWdlIiwic2V0dGluZ3MiOnsicG9zdF9pZCI6IjEzOSJ9fQ==@&#8221; logo_image_url=&#8221;http:\/\/szkolaharmonia.pl\/wp-content\/uploads\/2025\/02\/harmonia-logo-bez-tla-kwadrat-300&#215;300.png&#8221; _builder_version=&#8221;4.9.0&#8243; _dynamic_attributes=&#8221;button_one_url&#8221; title_level=&#8221;h2&#8243; title_font=&#8221;Rubik|700||on|||||&#8221; title_text_color=&#8221;#e87f07&#8243; title_font_size=&#8221;16px&#8221; title_letter_spacing=&#8221;5px&#8221; title_line_height=&#8221;2em&#8221; content_font=&#8221;Rubik||||||||&#8221; content_font_size=&#8221;18px&#8221; content_line_height=&#8221;2em&#8221; subhead_font=&#8221;Rubik|700|||||||&#8221; subhead_text_color=&#8221;rgba(0,0,0,0.8)&#8221; subhead_font_size=&#8221;50px&#8221; subhead_line_height=&#8221;1.4em&#8221; background_color=&#8221;rgba(255,250,242,0.9)&#8221; background_image=&#8221;http:\/\/szkolaharmonia.pl\/wp-content\/uploads\/2021\/01\/pencils-1.png&#8221; background_size=&#8221;contain&#8221; background_position=&#8221;bottom_center&#8221; custom_button_one=&#8221;on&#8221; button_one_text_size=&#8221;16px&#8221; button_one_text_color=&#8221;#ffffff&#8221; button_one_bg_color=&#8221;#e87f07&#8243; button_one_border_width=&#8221;15px&#8221; button_one_border_color=&#8221;rgba(210,159,104,0)&#8221; button_one_border_radius=&#8221;100px&#8221; button_one_letter_spacing=&#8221;0px&#8221; button_one_font=&#8221;Rubik|700|||||||&#8221; button_one_use_icon=&#8221;off&#8221; custom_button_two=&#8221;on&#8221; button_two_text_size=&#8221;16px&#8221; button_two_text_color=&#8221;#000000&#8243; button_two_bg_color=&#8221;#7CDA24&#8243; button_two_border_width=&#8221;15px&#8221; button_two_border_color=&#8221;rgba(210,159,104,0)&#8221; button_two_border_radius=&#8221;100px&#8221; button_two_letter_spacing=&#8221;0px&#8221; [&hellip;]<\/p>\n","protected":false},"author":1,"featured_media":0,"parent":0,"menu_order":0,"comment_status":"closed","ping_status":"closed","template":"","meta":{"_et_pb_use_builder":"on","_et_pb_old_content":"<!-- wp:divi\/placeholder \/-->","_et_gb_content_width":""},"_links":{"self":[{"href":"https:\/\/szkolaharmonia.pl\/index.php?rest_route=\/wp\/v2\/pages\/174"}],"collection":[{"href":"https:\/\/szkolaharmonia.pl\/index.php?rest_route=\/wp\/v2\/pages"}],"about":[{"href":"https:\/\/szkolaharmonia.pl\/index.php?rest_route=\/wp\/v2\/types\/page"}],"author":[{"embeddable":true,"href":"https:\/\/szkolaharmonia.pl\/index.php?rest_route=\/wp\/v2\/users\/1"}],"replies":[{"embeddable":true,"href":"https:\/\/szkolaharmonia.pl\/index.php?rest_route=%2Fwp%2Fv2%2Fcomments&post=174"}],"version-history":[{"count":58,"href":"https:\/\/szkolaharmonia.pl\/index.php?rest_route=\/wp\/v2\/pages\/174\/revisions"}],"predecessor-version":[{"id":903,"href":"https:\/\/szkolaharmonia.pl\/index.php?rest_route=\/wp\/v2\/pages\/174\/revisions\/903"}],"wp:attachment":[{"href":"https:\/\/szkolaharmonia.pl\/index.php?rest_route=%2Fwp%2Fv2%2Fmedia&parent=174"}],"curies":[{"name":"wp","href":"https:\/\/api.w.org\/{rel}","templated":true}]}}