{"id":212,"date":"2021-01-25T17:27:14","date_gmt":"2021-01-25T16:27:14","guid":{"rendered":"http:\/\/szkolaharmonia.pl\/?page_id=212"},"modified":"2026-02-05T11:36:19","modified_gmt":"2026-02-05T10:36:19","slug":"faq","status":"publish","type":"page","link":"https:\/\/szkolaharmonia.pl\/?page_id=212","title":{"rendered":"FAQ"},"content":{"rendered":"<p>[et_pb_section fb_built=&#8221;1&#8243; fullwidth=&#8221;on&#8221; admin_label=&#8221;Header Section&#8221; _builder_version=&#8221;3.22&#8243; background_image=&#8221;http:\/\/szkolaharmonia.pl\/wp-content\/uploads\/2021\/01\/hdgdgh.jpg&#8221; parallax=&#8221;on&#8221; top_divider_style=&#8221;clouds2&#8243; top_divider_color=&#8221;rgba(255,255,255,0.3)&#8221; top_divider_height=&#8221;100%&#8221; bottom_divider_height=&#8221;30px&#8221;][et_pb_fullwidth_header title=&#8221;Faq&#8221; subhead=&#8221;Cz\u0119sto zadawane pytania&#8221; text_orientation=&#8221;center&#8221; _builder_version=&#8221;4.9.0&#8243; title_level=&#8221;h2&#8243; title_font=&#8221;Rubik|700||on|||||&#8221; title_text_color=&#8221;#7b9e07&#8243; title_font_size=&#8221;16px&#8221; title_letter_spacing=&#8221;5px&#8221; title_line_height=&#8221;2em&#8221; content_font=&#8221;Rubik||||||||&#8221; content_font_size=&#8221;18px&#8221; content_line_height=&#8221;2em&#8221; subhead_font=&#8221;Rubik|700|||||||&#8221; subhead_text_color=&#8221;rgba(0,0,0,0.8)&#8221; subhead_font_size=&#8221;50px&#8221; subhead_line_height=&#8221;1.4em&#8221; background_color=&#8221;rgba(255,255,255,0)&#8221; use_background_color_gradient=&#8221;on&#8221; background_color_gradient_start=&#8221;rgba(255,255,255,0.7)&#8221; background_color_gradient_end=&#8221;#ffffff&#8221; background_size=&#8221;contain&#8221; background_position=&#8221;bottom_center&#8221; custom_button_one=&#8221;on&#8221; button_one_text_size=&#8221;16px&#8221; button_one_text_color=&#8221;#ffffff&#8221; button_one_bg_color=&#8221;#ff7355&#8243; button_one_border_width=&#8221;15px&#8221; button_one_border_color=&#8221;rgba(210,159,104,0)&#8221; button_one_border_radius=&#8221;100px&#8221; button_one_letter_spacing=&#8221;0px&#8221; button_one_font=&#8221;Rubik|700|||||||&#8221; button_one_use_icon=&#8221;off&#8221; custom_button_two=&#8221;on&#8221; button_two_text_size=&#8221;16px&#8221; button_two_text_color=&#8221;#ffffff&#8221; button_two_bg_color=&#8221;rgba(0,0,0,0.6)&#8221; button_two_border_width=&#8221;15px&#8221; button_two_border_color=&#8221;rgba(210,159,104,0)&#8221; button_two_border_radius=&#8221;100px&#8221; button_two_letter_spacing=&#8221;0px&#8221; button_two_font=&#8221;Rubik|700|||||||&#8221; background_layout=&#8221;light&#8221; custom_margin=&#8221;|||&#8221; custom_padding=&#8221;8vw||4vw|&#8221; animation_style=&#8221;slide&#8221; animation_direction=&#8221;bottom&#8221; animation_intensity_slide=&#8221;1%&#8221; subhead_font_size_tablet=&#8221;&#8221; subhead_font_size_phone=&#8221;30px&#8221; subhead_font_size_last_edited=&#8221;on|phone&#8221; button_one_border_radius_hover=&#8221;100px&#8221; button_two_border_radius_hover=&#8221;100px&#8221; button_one_bg_color_hover=&#8221;#ff8a70&#8243; button_two_bg_color_hover=&#8221;#ff8a70&#8243; button_one_text_size__hover_enabled=&#8221;off&#8221; button_two_text_size__hover_enabled=&#8221;off&#8221; button_one_text_color__hover_enabled=&#8221;off&#8221; button_two_text_color__hover_enabled=&#8221;off&#8221; button_one_border_width__hover_enabled=&#8221;off&#8221; button_two_border_width__hover_enabled=&#8221;off&#8221; button_one_border_color__hover_enabled=&#8221;off&#8221; button_two_border_color__hover_enabled=&#8221;off&#8221; button_one_border_radius__hover_enabled=&#8221;on&#8221; button_one_border_radius__hover=&#8221;100px&#8221; button_two_border_radius__hover_enabled=&#8221;on&#8221; button_two_border_radius__hover=&#8221;100px&#8221; button_one_letter_spacing__hover_enabled=&#8221;off&#8221; button_two_letter_spacing__hover_enabled=&#8221;off&#8221; button_one_bg_color__hover_enabled=&#8221;on&#8221; button_one_bg_color__hover=&#8221;#ff8a70&#8243; button_two_bg_color__hover_enabled=&#8221;on&#8221; button_two_bg_color__hover=&#8221;#ff8a70&#8243;][\/et_pb_fullwidth_header][\/et_pb_section][et_pb_section fb_built=&#8221;1&#8243; admin_label=&#8221;Contact Section&#8221; _builder_version=&#8221;4.9.0&#8243; background_enable_color=&#8221;off&#8221; background_color_gradient_end=&#8221;rgba(201,221,179,0.42)&#8221; background_enable_image=&#8221;off&#8221;][et_pb_row admin_label=&#8221;Facilities Row&#8221; _builder_version=&#8221;4.9.0&#8243; locked=&#8221;off&#8221;][et_pb_column type=&#8221;4_4&#8243; _builder_version=&#8221;4.8.1&#8243; custom_padding=&#8221;|||&#8221; custom_padding__hover=&#8221;|||&#8221;][et_pb_accordion admin_label=&#8221;Facilities Accordion&#8221; _builder_version=&#8221;4.9.0&#8243; toggle_font=&#8221;Rubik|700|||||||&#8221; toggle_line_height=&#8221;1.4em&#8221; body_font=&#8221;|500|||||||&#8221; body_text_color=&#8221;#ffffff&#8221; body_line_height=&#8221;2em&#8221; custom_padding=&#8221;|||&#8221; animation_style=&#8221;fade&#8221; body_line_height_last_edited=&#8221;off|desktop&#8221;][et_pb_accordion_item title=&#8221;Czemu dzieci zapisane do szko\u0142y Harmonia s\u0105 formalnie w edukacji domowej?&#8221; open_toggle_text_color=&#8221;#ffffff&#8221; open_toggle_background_color=&#8221;#7b9e07&#8243; closed_toggle_text_color=&#8221;#ffffff&#8221; closed_toggle_background_color=&#8221;#e87f07&#8243; _builder_version=&#8221;4.9.0&#8243; custom_margin=&#8221;||20px|&#8221; custom_padding=&#8221;|||&#8221; border_radii=&#8221;on|8px|8px|8px|8px&#8221; border_width_all=&#8221;0px&#8221; open=&#8221;off&#8221;]<\/p>\n<p><span>Szko\u0142a Harmonia nie ma (jeszcze) statusu szko\u0142y. Dlatego wszyscy nasi uczniowie\u00a0zapisani s\u0105 formalnie do zaprzyja\u017anionej szko\u0142y, kt\u00f3ra wystawia legitymacje i \u015bwiadectwa.\u00a0Dzieci formalnie realizuj\u0105 obowi\u0105zek szkolny poza szko\u0142\u0105, a w praktyce ucz\u0119szczaj\u0105 do\u00a0nieformalnej szko\u0142y Harmonia.<\/span><\/p>\n<p>[\/et_pb_accordion_item][et_pb_accordion_item title=&#8221;Czym Harmonia si\u0119 wyr\u00f3\u017cnia na tle innych szk\u00f3\u0142?&#8221; open_toggle_text_color=&#8221;#ffffff&#8221; open_toggle_background_color=&#8221;#7b9e07&#8243; closed_toggle_text_color=&#8221;#ffffff&#8221; closed_toggle_background_color=&#8221;#e87f07&#8243; _builder_version=&#8221;4.9.0&#8243; custom_margin=&#8221;||20px|&#8221; custom_padding=&#8221;|||&#8221; border_radii=&#8221;on|8px|8px|8px|8px&#8221; border_width_all=&#8221;0px&#8221; open=&#8221;off&#8221;]<\/p>\n<p><span>To, co sprawia, \u017ce Harmonia jest wyj\u0105tkowym miejscem, to:<br \/> &#8211; przyjazna, rodzinna atmosfera<br \/> &#8211; do\u015bwiadczona, empatyczna kadra<br \/> &#8211; autorski program (wyeliminowanie z programu niepotrzebnych tre\u015bci)<br \/> &#8211; tutoring \u2013 indywidualne podej\u015bcie do ka\u017cdego dziecka<br \/> &#8211; du\u017co wsp\u00f3lnych wyjazd\u00f3w na \u0142ono natury<br \/> &#8211; dla m\u0142odszych dzieci \u2013 du\u017co czasu na swobodn\u0105 zabaw\u0119<br \/> &#8211; \u015bwietne warunki do doskonalenia kompetencji mi\u0119kkich<\/span><\/p>\n<p>[\/et_pb_accordion_item][et_pb_accordion_item title=&#8221;Z jakich nurt\u00f3w edukacyjnych czerpie Harmonia?&#8221; open_toggle_text_color=&#8221;#ffffff&#8221; open_toggle_background_color=&#8221;#7b9e07&#8243; closed_toggle_text_color=&#8221;#ffffff&#8221; closed_toggle_background_color=&#8221;#e87f07&#8243; _builder_version=&#8221;4.9.0&#8243; custom_margin=&#8221;||20px|&#8221; custom_padding=&#8221;|||&#8221; border_radii=&#8221;on|8px|8px|8px|8px&#8221; border_width_all=&#8221;0px&#8221; open=&#8221;off&#8221;]<\/p>\n<p>Mamy wiele \u017ar\u00f3de\u0142 inspiracji, jednak nasz program jest autorski i niepowtarzalny. Jest\u00a0wynikiem naszych 12-letnich do\u015bwiadcze\u0144. Co roku modyfikujemy nasze podej\u015bcie, by\u00a0jeszcze lepiej s\u0142u\u017cy\u0142o dzieciom i doros\u0142ym.\u00a0Inspirujemy si\u0119 m.in.: rodzicielstwem blisko\u015bci, NVC, podej\u015bciem Jespera Juula.\u00a0Powielamy dobre wzorce z fi\u0144skiej szko\u0142y (np. brak ocen, autonomia nauczyciela).\u00a0Zapo\u017cyczamy elementy pedagogiki Montessori (np. pomoce do matematyki), Waldorfskiej\u00a0<span style=\"font-size: 14px;\">(blisko\u015b\u0107 natury), unschoolingu (nacisk na odpowiedzialno\u015b\u0107), edukacji demokratycznej\u00a0<\/span><span style=\"font-size: 14px;\">(wsp\u00f3lne podejmowanie decyzji przez spo\u0142eczno\u015b\u0107 szkoln\u0105).<\/span><\/p>\n<p>[\/et_pb_accordion_item][et_pb_accordion_item title=&#8221;Czy dzieci mog\u0105 korzysta\u0107 ze smartfon\u00f3w w szkole?&#8221; open_toggle_text_color=&#8221;#ffffff&#8221; open_toggle_background_color=&#8221;#7b9e07&#8243; closed_toggle_text_color=&#8221;#ffffff&#8221; closed_toggle_background_color=&#8221;#e87f07&#8243; _builder_version=&#8221;4.9.0&#8243; custom_margin=&#8221;||20px|&#8221; custom_padding=&#8221;|||&#8221; border_radii=&#8221;on|8px|8px|8px|8px&#8221; border_width_all=&#8221;0px&#8221; open=&#8221;off&#8221;]<\/p>\n<p><span>Tylko w ograniczonym zakresie. Dzieci zostawiaj\u0105 telefony w szafkach i s\u0142u\u017c\u0105 im do\u00a0kontaktu z rodzicami w wa\u017cnych sprawach.\u00a0<\/span><\/p>\n<p>[\/et_pb_accordion_item][et_pb_accordion_item title=&#8221;Jakie j\u0119zyki obce s\u0105 nauczane w szkole?&#8221; open_toggle_text_color=&#8221;#ffffff&#8221; open_toggle_background_color=&#8221;#7b9e07&#8243; closed_toggle_text_color=&#8221;#ffffff&#8221; closed_toggle_background_color=&#8221;#e87f07&#8243; _builder_version=&#8221;4.9.0&#8243; custom_margin=&#8221;||20px|&#8221; custom_padding=&#8221;|||&#8221; border_radii=&#8221;on|8px|8px|8px|8px&#8221; border_width_all=&#8221;0px&#8221; open=&#8221;off&#8221;]<\/p>\n<p>Angielski dla wszystkich w wymiarze 2-3 h tygodniowo. Dodatkowo prowadzimy zaj\u0119cia z niemieckiego i hiszpa\u0144skiego.\u00a0 Je\u015bli zbierze si\u0119 grupa min. 5 os\u00f3b na inny j\u0119zyk, to tworzymy now\u0105 grup\u0119 j\u0119zykow\u0105.<\/p>\n<p>[\/et_pb_accordion_item][et_pb_accordion_item title=&#8221;Jakie zaj\u0119cia dodatkowe oferuje szko\u0142a i czy s\u0105 dodatkowo p\u0142atne?&#8221; open_toggle_text_color=&#8221;#ffffff&#8221; open_toggle_background_color=&#8221;#7b9e07&#8243; closed_toggle_text_color=&#8221;#ffffff&#8221; closed_toggle_background_color=&#8221;#e87f07&#8243; _builder_version=&#8221;4.9.0&#8243; _module_preset=&#8221;default&#8221; custom_margin=&#8221;||20px|&#8221; custom_padding=&#8221;|||&#8221; border_radii=&#8221;on|8px|8px|8px|8px&#8221; border_width_all=&#8221;0px&#8221; open=&#8221;on&#8221;]<\/p>\n<p><span>Wszystkie zaj\u0119cia odbywaj\u0105ce si\u0119 na terenie szko\u0142y odbywaj\u0105 si\u0119 w ramach op\u0142aty\u00a0miesi\u0119cznej za szko\u0142\u0119. Dodatkowo p\u0142atne s\u0105 cykliczne wyj\u015bcia np. park trampolin czy wycieczki i wst\u0119py do muze\u00f3w, na wystawy itp.\u00a0Dodatkowo p\u0142atne s\u0105 te\u017c obozy, wyjazdy, zielone szko\u0142y.\u00a0<\/span><\/p>\n<p><span>Oferta zaj\u0119\u0107 dodatkowych jest dostosowana do dzieci. Obecnie s\u0105 to: majsterkowanie, modelarstwo, mindfulness, basen, \u0142y\u017cwy, akrobatyka, hip hop oraz parkour.<\/span><\/p>\n<p>[\/et_pb_accordion_item][et_pb_accordion_item title=&#8221;Czy s\u0105 stypendia lub zni\u017cki?&#8221; open=&#8221;off&#8221; open_toggle_text_color=&#8221;#ffffff&#8221; open_toggle_background_color=&#8221;#7b9e07&#8243; closed_toggle_text_color=&#8221;#ffffff&#8221; closed_toggle_background_color=&#8221;#e87f07&#8243; _builder_version=&#8221;4.9.0&#8243; _module_preset=&#8221;default&#8221; custom_margin=&#8221;||20px|&#8221; custom_padding=&#8221;|||&#8221; border_radii=&#8221;on|8px|8px|8px|8px&#8221; border_width_all=&#8221;0px&#8221;]<\/p>\n<p><span>Mamy zni\u017ck\u0119 dla rodze\u0144stw, po 100 z\u0142 na ka\u017cde dziecko.<br \/><\/span><\/p>\n<p>[\/et_pb_accordion_item][\/et_pb_accordion][\/et_pb_column][\/et_pb_row][\/et_pb_section]<\/p>\n","protected":false},"excerpt":{"rendered":"<p>[et_pb_section fb_built=&#8221;1&#8243; fullwidth=&#8221;on&#8221; admin_label=&#8221;Header Section&#8221; _builder_version=&#8221;3.22&#8243; background_image=&#8221;http:\/\/szkolaharmonia.pl\/wp-content\/uploads\/2021\/01\/hdgdgh.jpg&#8221; parallax=&#8221;on&#8221; top_divider_style=&#8221;clouds2&#8243; top_divider_color=&#8221;rgba(255,255,255,0.3)&#8221; top_divider_height=&#8221;100%&#8221; bottom_divider_height=&#8221;30px&#8221;][et_pb_fullwidth_header title=&#8221;Faq&#8221; subhead=&#8221;Cz\u0119sto zadawane pytania&#8221; text_orientation=&#8221;center&#8221; _builder_version=&#8221;4.9.0&#8243; title_level=&#8221;h2&#8243; title_font=&#8221;Rubik|700||on|||||&#8221; title_text_color=&#8221;#7b9e07&#8243; title_font_size=&#8221;16px&#8221; title_letter_spacing=&#8221;5px&#8221; title_line_height=&#8221;2em&#8221; content_font=&#8221;Rubik||||||||&#8221; content_font_size=&#8221;18px&#8221; content_line_height=&#8221;2em&#8221; subhead_font=&#8221;Rubik|700|||||||&#8221; subhead_text_color=&#8221;rgba(0,0,0,0.8)&#8221; subhead_font_size=&#8221;50px&#8221; subhead_line_height=&#8221;1.4em&#8221; background_color=&#8221;rgba(255,255,255,0)&#8221; use_background_color_gradient=&#8221;on&#8221; background_color_gradient_start=&#8221;rgba(255,255,255,0.7)&#8221; background_color_gradient_end=&#8221;#ffffff&#8221; background_size=&#8221;contain&#8221; background_position=&#8221;bottom_center&#8221; custom_button_one=&#8221;on&#8221; button_one_text_size=&#8221;16px&#8221; button_one_text_color=&#8221;#ffffff&#8221; button_one_bg_color=&#8221;#ff7355&#8243; button_one_border_width=&#8221;15px&#8221; button_one_border_color=&#8221;rgba(210,159,104,0)&#8221; button_one_border_radius=&#8221;100px&#8221; button_one_letter_spacing=&#8221;0px&#8221; button_one_font=&#8221;Rubik|700|||||||&#8221; button_one_use_icon=&#8221;off&#8221; custom_button_two=&#8221;on&#8221; button_two_text_size=&#8221;16px&#8221; button_two_text_color=&#8221;#ffffff&#8221; button_two_bg_color=&#8221;rgba(0,0,0,0.6)&#8221; button_two_border_width=&#8221;15px&#8221; button_two_border_color=&#8221;rgba(210,159,104,0)&#8221; button_two_border_radius=&#8221;100px&#8221; button_two_letter_spacing=&#8221;0px&#8221; [&hellip;]<\/p>\n","protected":false},"author":1,"featured_media":0,"parent":0,"menu_order":0,"comment_status":"closed","ping_status":"closed","template":"","meta":{"_et_pb_use_builder":"on","_et_pb_old_content":"","_et_gb_content_width":""},"_links":{"self":[{"href":"https:\/\/szkolaharmonia.pl\/index.php?rest_route=\/wp\/v2\/pages\/212"}],"collection":[{"href":"https:\/\/szkolaharmonia.pl\/index.php?rest_route=\/wp\/v2\/pages"}],"about":[{"href":"https:\/\/szkolaharmonia.pl\/index.php?rest_route=\/wp\/v2\/types\/page"}],"author":[{"embeddable":true,"href":"https:\/\/szkolaharmonia.pl\/index.php?rest_route=\/wp\/v2\/users\/1"}],"replies":[{"embeddable":true,"href":"https:\/\/szkolaharmonia.pl\/index.php?rest_route=%2Fwp%2Fv2%2Fcomments&post=212"}],"version-history":[{"count":34,"href":"https:\/\/szkolaharmonia.pl\/index.php?rest_route=\/wp\/v2\/pages\/212\/revisions"}],"predecessor-version":[{"id":894,"href":"https:\/\/szkolaharmonia.pl\/index.php?rest_route=\/wp\/v2\/pages\/212\/revisions\/894"}],"wp:attachment":[{"href":"https:\/\/szkolaharmonia.pl\/index.php?rest_route=%2Fwp%2Fv2%2Fmedia&parent=212"}],"curies":[{"name":"wp","href":"https:\/\/api.w.org\/{rel}","templated":true}]}}